{"id":122,"date":"2021-11-27T01:05:57","date_gmt":"2021-11-27T01:05:57","guid":{"rendered":"https:\/\/www.barondeoro.com\/?post_type=product&#038;p=122"},"modified":"2025-03-15T08:14:07","modified_gmt":"2025-03-15T08:14:07","slug":"aceite-de-oliva-virgen-extra-variedad-picual","status":"publish","type":"product","link":"https:\/\/www.barondeoro.com\/es\/producto\/aceite-de-oliva-virgen-extra-variedad-picual\/","title":{"rendered":"Aceite de oliva virgen extra, variedad PICUAL"},"content":{"rendered":"<p>Pack de 6 botellas de 75ml de aceite de oliva virgen extra, variedad PICUAL.<\/p>\n<p>Aceite de oliva de categor\u00eda superior obtenido directamente de aceitunas y s\u00f3lo mediante procedimientos mec\u00e1nicos.<\/p>\n<p>&nbsp;<\/p>\n","protected":false},"excerpt":{"rendered":"<p>Pack de 6 botellas de 75ml de aceite de oliva virgen extra, variedad PICUAL.<\/p>\n<p>Aceite de oliva de categor\u00eda superior obtenido directamente de aceitunas y s\u00f3lo mediante procedimientos mec\u00e1nicos.<\/p>\n","protected":false},"featured_media":123,"comment_status":"open","ping_status":"closed","template":"","meta":[],"product_brand":[],"product_cat":[15],"product_tag":[17,18,19,20],"class_list":{"0":"post-122","1":"product","2":"type-product","3":"status-publish","4":"has-post-thumbnail","6":"product_cat-aceites","7":"product_tag-aceite","8":"product_tag-oliva","9":"product_tag-oliva-virgen","10":"product_tag-picual","12":"first","13":"instock","14":"shipping-taxable","15":"purchasable","16":"product-type-simple"},"yoast_head":"<!-- This site is optimized with the Yoast SEO plugin v27.3 - https:\/\/yoast.com\/product\/yoast-seo-wordpress\/ -->\n<title>Aceite de oliva virgen extra, variedad PICUAL - Bar\u00f3n de Oro<\/title>\n<meta name=\"robots\" content=\"index, follow, max-snippet:-1, max-image-preview:large, max-video-preview:-1\" \/>\n<link rel=\"canonical\" href=\"https:\/\/www.barondeoro.com\/es\/producto\/aceite-de-oliva-virgen-extra-variedad-picual\/\" \/>\n<meta property=\"og:locale\" content=\"es_ES\" \/>\n<meta property=\"og:type\" content=\"article\" \/>\n<meta property=\"og:title\" content=\"Aceite de oliva virgen extra, variedad PICUAL - Bar\u00f3n de Oro\" \/>\n<meta property=\"og:description\" content=\"Pack de 6 botellas de 75ml de aceite de oliva virgen extra, variedad PICUAL.  Aceite de oliva de categor\u00eda superior obtenido directamente de aceitunas y s\u00f3lo mediante procedimientos mec\u00e1nicos.\" \/>\n<meta property=\"og:url\" content=\"https:\/\/www.barondeoro.com\/es\/producto\/aceite-de-oliva-virgen-extra-variedad-picual\/\" \/>\n<meta property=\"og:site_name\" content=\"Bar\u00f3n de Oro\" \/>\n<meta property=\"article:modified_time\" content=\"2025-03-15T08:14:07+00:00\" \/>\n<meta property=\"og:image\" content=\"https:\/\/www.barondeoro.com\/wp-content\/uploads\/2021\/11\/Ficha-tecnica-Serigrafia-Baron-de-Oro-Picual-trazado_DISENO-copia.jpg\" \/>\n\t<meta property=\"og:image:width\" content=\"2395\" \/>\n\t<meta property=\"og:image:height\" content=\"2207\" \/>\n\t<meta property=\"og:image:type\" content=\"image\/jpeg\" \/>\n<meta name=\"twitter:card\" content=\"summary_large_image\" \/>\n<meta name=\"twitter:site\" content=\"@barondeoro\" \/>\n<script type=\"application\/ld+json\" class=\"yoast-schema-graph\">{\"@context\":\"https:\\\/\\\/schema.org\",\"@graph\":[{\"@type\":\"WebPage\",\"@id\":\"https:\\\/\\\/www.barondeoro.com\\\/producto\\\/aceite-de-oliva-virgen-extra-variedad-picual\\\/\",\"url\":\"https:\\\/\\\/www.barondeoro.com\\\/producto\\\/aceite-de-oliva-virgen-extra-variedad-picual\\\/\",\"name\":\"Aceite de oliva virgen extra, variedad PICUAL - Bar\u00f3n de Oro\",\"isPartOf\":{\"@id\":\"https:\\\/\\\/www.barondeoro.com\\\/es\\\/#website\"},\"primaryImageOfPage\":{\"@id\":\"https:\\\/\\\/www.barondeoro.com\\\/producto\\\/aceite-de-oliva-virgen-extra-variedad-picual\\\/#primaryimage\"},\"image\":{\"@id\":\"https:\\\/\\\/www.barondeoro.com\\\/producto\\\/aceite-de-oliva-virgen-extra-variedad-picual\\\/#primaryimage\"},\"thumbnailUrl\":\"https:\\\/\\\/www.barondeoro.com\\\/wp-content\\\/uploads\\\/2021\\\/11\\\/Ficha-tecnica-Serigrafia-Baron-de-Oro-Picual-trazado_DISENO-copia.jpg\",\"datePublished\":\"2021-11-27T01:05:57+00:00\",\"dateModified\":\"2025-03-15T08:14:07+00:00\",\"breadcrumb\":{\"@id\":\"https:\\\/\\\/www.barondeoro.com\\\/producto\\\/aceite-de-oliva-virgen-extra-variedad-picual\\\/#breadcrumb\"},\"inLanguage\":\"es\",\"potentialAction\":[{\"@type\":\"ReadAction\",\"target\":[\"https:\\\/\\\/www.barondeoro.com\\\/producto\\\/aceite-de-oliva-virgen-extra-variedad-picual\\\/\"]}]},{\"@type\":\"ImageObject\",\"inLanguage\":\"es\",\"@id\":\"https:\\\/\\\/www.barondeoro.com\\\/producto\\\/aceite-de-oliva-virgen-extra-variedad-picual\\\/#primaryimage\",\"url\":\"https:\\\/\\\/www.barondeoro.com\\\/wp-content\\\/uploads\\\/2021\\\/11\\\/Ficha-tecnica-Serigrafia-Baron-de-Oro-Picual-trazado_DISENO-copia.jpg\",\"contentUrl\":\"https:\\\/\\\/www.barondeoro.com\\\/wp-content\\\/uploads\\\/2021\\\/11\\\/Ficha-tecnica-Serigrafia-Baron-de-Oro-Picual-trazado_DISENO-copia.jpg\",\"width\":2395,\"height\":2207},{\"@type\":\"BreadcrumbList\",\"@id\":\"https:\\\/\\\/www.barondeoro.com\\\/producto\\\/aceite-de-oliva-virgen-extra-variedad-picual\\\/#breadcrumb\",\"itemListElement\":[{\"@type\":\"ListItem\",\"position\":1,\"name\":\"Portada\",\"item\":\"https:\\\/\\\/www.barondeoro.com\\\/\"},{\"@type\":\"ListItem\",\"position\":2,\"name\":\"Tienda\",\"item\":\"https:\\\/\\\/www.barondeoro.com\\\/shop\\\/\"},{\"@type\":\"ListItem\",\"position\":3,\"name\":\"Aceite de oliva virgen extra, variedad PICUAL\"}]},{\"@type\":\"WebSite\",\"@id\":\"https:\\\/\\\/www.barondeoro.com\\\/es\\\/#website\",\"url\":\"https:\\\/\\\/www.barondeoro.com\\\/es\\\/\",\"name\":\"Bar\u00f3n de Oro\",\"description\":\"El aceite que a ti te gusta.\",\"publisher\":{\"@id\":\"https:\\\/\\\/www.barondeoro.com\\\/es\\\/#organization\"},\"potentialAction\":[{\"@type\":\"SearchAction\",\"target\":{\"@type\":\"EntryPoint\",\"urlTemplate\":\"https:\\\/\\\/www.barondeoro.com\\\/es\\\/?s={search_term_string}\"},\"query-input\":{\"@type\":\"PropertyValueSpecification\",\"valueRequired\":true,\"valueName\":\"search_term_string\"}}],\"inLanguage\":\"es\"},{\"@type\":\"Organization\",\"@id\":\"https:\\\/\\\/www.barondeoro.com\\\/es\\\/#organization\",\"name\":\"Bar\u00f3n de oro\",\"url\":\"https:\\\/\\\/www.barondeoro.com\\\/es\\\/\",\"logo\":{\"@type\":\"ImageObject\",\"inLanguage\":\"es\",\"@id\":\"https:\\\/\\\/www.barondeoro.com\\\/es\\\/#\\\/schema\\\/logo\\\/image\\\/\",\"url\":\"https:\\\/\\\/www.barondeoro.com\\\/wp-content\\\/uploads\\\/2021\\\/11\\\/logo-blanco.png\",\"contentUrl\":\"https:\\\/\\\/www.barondeoro.com\\\/wp-content\\\/uploads\\\/2021\\\/11\\\/logo-blanco.png\",\"width\":427,\"height\":285,\"caption\":\"Bar\u00f3n de oro\"},\"image\":{\"@id\":\"https:\\\/\\\/www.barondeoro.com\\\/es\\\/#\\\/schema\\\/logo\\\/image\\\/\"},\"sameAs\":[\"https:\\\/\\\/x.com\\\/barondeoro\"]}]}<\/script>\n<!-- \/ Yoast SEO plugin. -->","yoast_head_json":{"title":"Aceite de oliva virgen extra, variedad PICUAL - Bar\u00f3n de Oro","robots":{"index":"index","follow":"follow","max-snippet":"max-snippet:-1","max-image-preview":"max-image-preview:large","max-video-preview":"max-video-preview:-1"},"canonical":"https:\/\/www.barondeoro.com\/es\/producto\/aceite-de-oliva-virgen-extra-variedad-picual\/","og_locale":"es_ES","og_type":"article","og_title":"Aceite de oliva virgen extra, variedad PICUAL - Bar\u00f3n de Oro","og_description":"Pack de 6 botellas de 75ml de aceite de oliva virgen extra, variedad PICUAL.  Aceite de oliva de categor\u00eda superior obtenido directamente de aceitunas y s\u00f3lo mediante procedimientos mec\u00e1nicos.","og_url":"https:\/\/www.barondeoro.com\/es\/producto\/aceite-de-oliva-virgen-extra-variedad-picual\/","og_site_name":"Bar\u00f3n de Oro","article_modified_time":"2025-03-15T08:14:07+00:00","og_image":[{"width":2395,"height":2207,"url":"https:\/\/www.barondeoro.com\/wp-content\/uploads\/2021\/11\/Ficha-tecnica-Serigrafia-Baron-de-Oro-Picual-trazado_DISENO-copia.jpg","type":"image\/jpeg"}],"twitter_card":"summary_large_image","twitter_site":"@barondeoro","schema":{"@context":"https:\/\/schema.org","@graph":[{"@type":"WebPage","@id":"https:\/\/www.barondeoro.com\/producto\/aceite-de-oliva-virgen-extra-variedad-picual\/","url":"https:\/\/www.barondeoro.com\/producto\/aceite-de-oliva-virgen-extra-variedad-picual\/","name":"Aceite de oliva virgen extra, variedad PICUAL - Bar\u00f3n de Oro","isPartOf":{"@id":"https:\/\/www.barondeoro.com\/es\/#website"},"primaryImageOfPage":{"@id":"https:\/\/www.barondeoro.com\/producto\/aceite-de-oliva-virgen-extra-variedad-picual\/#primaryimage"},"image":{"@id":"https:\/\/www.barondeoro.com\/producto\/aceite-de-oliva-virgen-extra-variedad-picual\/#primaryimage"},"thumbnailUrl":"https:\/\/www.barondeoro.com\/wp-content\/uploads\/2021\/11\/Ficha-tecnica-Serigrafia-Baron-de-Oro-Picual-trazado_DISENO-copia.jpg","datePublished":"2021-11-27T01:05:57+00:00","dateModified":"2025-03-15T08:14:07+00:00","breadcrumb":{"@id":"https:\/\/www.barondeoro.com\/producto\/aceite-de-oliva-virgen-extra-variedad-picual\/#breadcrumb"},"inLanguage":"es","potentialAction":[{"@type":"ReadAction","target":["https:\/\/www.barondeoro.com\/producto\/aceite-de-oliva-virgen-extra-variedad-picual\/"]}]},{"@type":"ImageObject","inLanguage":"es","@id":"https:\/\/www.barondeoro.com\/producto\/aceite-de-oliva-virgen-extra-variedad-picual\/#primaryimage","url":"https:\/\/www.barondeoro.com\/wp-content\/uploads\/2021\/11\/Ficha-tecnica-Serigrafia-Baron-de-Oro-Picual-trazado_DISENO-copia.jpg","contentUrl":"https:\/\/www.barondeoro.com\/wp-content\/uploads\/2021\/11\/Ficha-tecnica-Serigrafia-Baron-de-Oro-Picual-trazado_DISENO-copia.jpg","width":2395,"height":2207},{"@type":"BreadcrumbList","@id":"https:\/\/www.barondeoro.com\/producto\/aceite-de-oliva-virgen-extra-variedad-picual\/#breadcrumb","itemListElement":[{"@type":"ListItem","position":1,"name":"Portada","item":"https:\/\/www.barondeoro.com\/"},{"@type":"ListItem","position":2,"name":"Tienda","item":"https:\/\/www.barondeoro.com\/shop\/"},{"@type":"ListItem","position":3,"name":"Aceite de oliva virgen extra, variedad PICUAL"}]},{"@type":"WebSite","@id":"https:\/\/www.barondeoro.com\/es\/#website","url":"https:\/\/www.barondeoro.com\/es\/","name":"Bar\u00f3n de Oro","description":"El aceite que a ti te gusta.","publisher":{"@id":"https:\/\/www.barondeoro.com\/es\/#organization"},"potentialAction":[{"@type":"SearchAction","target":{"@type":"EntryPoint","urlTemplate":"https:\/\/www.barondeoro.com\/es\/?s={search_term_string}"},"query-input":{"@type":"PropertyValueSpecification","valueRequired":true,"valueName":"search_term_string"}}],"inLanguage":"es"},{"@type":"Organization","@id":"https:\/\/www.barondeoro.com\/es\/#organization","name":"Bar\u00f3n de oro","url":"https:\/\/www.barondeoro.com\/es\/","logo":{"@type":"ImageObject","inLanguage":"es","@id":"https:\/\/www.barondeoro.com\/es\/#\/schema\/logo\/image\/","url":"https:\/\/www.barondeoro.com\/wp-content\/uploads\/2021\/11\/logo-blanco.png","contentUrl":"https:\/\/www.barondeoro.com\/wp-content\/uploads\/2021\/11\/logo-blanco.png","width":427,"height":285,"caption":"Bar\u00f3n de oro"},"image":{"@id":"https:\/\/www.barondeoro.com\/es\/#\/schema\/logo\/image\/"},"sameAs":["https:\/\/x.com\/barondeoro"]}]}},"_links":{"self":[{"href":"https:\/\/www.barondeoro.com\/es\/wp-json\/wp\/v2\/product\/122","targetHints":{"allow":["GET"]}}],"collection":[{"href":"https:\/\/www.barondeoro.com\/es\/wp-json\/wp\/v2\/product"}],"about":[{"href":"https:\/\/www.barondeoro.com\/es\/wp-json\/wp\/v2\/types\/product"}],"replies":[{"embeddable":true,"href":"https:\/\/www.barondeoro.com\/es\/wp-json\/wp\/v2\/comments?post=122"}],"wp:featuredmedia":[{"embeddable":true,"href":"https:\/\/www.barondeoro.com\/es\/wp-json\/wp\/v2\/media\/123"}],"wp:attachment":[{"href":"https:\/\/www.barondeoro.com\/es\/wp-json\/wp\/v2\/media?parent=122"}],"wp:term":[{"taxonomy":"product_brand","embeddable":true,"href":"https:\/\/www.barondeoro.com\/es\/wp-json\/wp\/v2\/product_brand?post=122"},{"taxonomy":"product_cat","embeddable":true,"href":"https:\/\/www.barondeoro.com\/es\/wp-json\/wp\/v2\/product_cat?post=122"},{"taxonomy":"product_tag","embeddable":true,"href":"https:\/\/www.barondeoro.com\/es\/wp-json\/wp\/v2\/product_tag?post=122"}],"curies":[{"name":"wp","href":"https:\/\/api.w.org\/{rel}","templated":true}]}}