{"id":145,"date":"2021-11-27T20:39:31","date_gmt":"2021-11-27T20:39:31","guid":{"rendered":"https:\/\/www.barondeoro.com\/?page_id=145"},"modified":"2021-11-27T20:39:33","modified_gmt":"2021-11-27T20:39:33","slug":"politica-de-compra-y-devolucion","status":"publish","type":"page","link":"https:\/\/www.barondeoro.com\/es\/politica-de-compra-y-devolucion\/","title":{"rendered":"Pol\u00edtica de compra y devoluci\u00f3n"},"content":{"rendered":"\n<p>ARMANDO &#8230;.. &#8230;&#8230;. (BAR\u00d3N DE ORO, en adelante), en cumplimiento del art\u00edculo 97 de la Ley 3\/2014, de 27 de marzo, por la que se modifica el texto refundido de la Ley General para la Defensa de los Consumidores y Usuarios y otras leyes complementarias, aprobado por el Real Decreto Legislativo 1\/2007, de 16 de noviembre, informa que el presente documento establece las Condiciones por las que se rige el uso de esta p\u00e1gina web www.barondeoro.com. Se ruega que lea las presentes Condiciones, nuestra Pol\u00edtica de privacidad. Si tiene alguna pregunta relacionada con las Condiciones o las Pol\u00edticas de Protecci\u00f3n de Datos puede ponerse en contacto con nosotros a trav\u00e9s de nuestras v\u00edas de contacto. El contrato podr\u00e1 formalizarse, a su elecci\u00f3n, en cualquiera de los idiomas en los que las Condiciones est\u00e1n disponibles en esta p\u00e1gina web.<\/p>\n\n\n\n<ol class=\"wp-block-list\"><li><strong>Objeto<\/strong><\/li><\/ol>\n\n\n\n<p>El objeto de las presentes condiciones generales de contrataci\u00f3n es regular la relaci\u00f3n que nace entre BAR\u00d3N DE ORO, actuando como parte vendedora, y usted, actuando como parte compradora, por la venta de art\u00edculos\/servicios a trav\u00e9s de esta p\u00e1gina web.<\/p>\n\n\n\n<ol class=\"wp-block-list\" start=\"2\"><li><strong>Privacidad\/Protecci\u00f3n de datos personales<\/strong><\/li><\/ol>\n\n\n\n<p>BAR\u00d3N DE ORO cumple con la normativa vigente en protecci\u00f3n de datos personales, en concreto con lo dispuesto en la Ley Org\u00e1nica 3\/2018, de 5 de diciembre, de Protecci\u00f3n de Datos Personales y garant\u00eda de los derechos digitales y en el Reglamento General de Protecci\u00f3n de datos (Reglamento (UE) 2016\/679).<\/p>\n\n\n\n<p>Si quiere obtener m\u00e1s informaci\u00f3n sobre qu\u00e9 tratamientos de datos personales podemos realizar sobre usted en nuestra p\u00e1gina web y qu\u00e9 uso hacemos sobre los mismos, puede acceder a la pol\u00edtica de privacidad de nuestra p\u00e1gina web.<\/p>\n\n\n\n<p>Asimismo, BAR\u00b4N DE ORO como prestadora de servicios de la sociedad de la informaci\u00f3n informa que cumple con lo dispuesto en la Ley 34\/2002 de 11 de julio, de Servicios de la Sociedad de la Informaci\u00f3n y el Comercio Electr\u00f3nico.<\/p>\n\n\n\n<ol class=\"wp-block-list\" start=\"3\"><li><strong>Menores de edad<\/strong><\/li><\/ol>\n\n\n\n<p>Los contenidos de la P\u00e1gina Web est\u00e1n dirigidos a personas mayores de edad. BAR\u00d3N DE ORO no pretende obtener datos de personas menores de edad. Cuando BAR\u00d3N DE ORO tenga conocimiento de que existen en su fichero datos de car\u00e1cter personal de un menor, proceder\u00e1 de inmediato a cancelar dichos datos.<\/p>\n\n\n\n<ol class=\"wp-block-list\" start=\"4\"><li><strong>Obligaciones del usuario<\/strong><\/li><\/ol>\n\n\n\n<p>El usuario deber\u00e1 respetar en todo momento los t\u00e9rminos y condiciones establecidos por la p\u00e1gina web.<\/p>\n\n\n\n<p>El usuario utilizar\u00e1 la p\u00e1gina web de forma diligente y asumiendo cualquier responsabilidad que pudiera derivarse al incumplir los t\u00e9rminos y condiciones de la p\u00e1gina web.<\/p>\n\n\n\n<p>El usuario no podr\u00e1 utilizar la p\u00e1gina web para transmitir, almacenar, divulgar, promover o distribuir datos o contenidos que sean portadores de virus o cualquier otro c\u00f3digo inform\u00e1tico, archivos o programas dise\u00f1ados para interrumpir, destruir o perjudicar el funcionamiento de cualquier programa o equipo inform\u00e1tico o de telecomunicaciones.<\/p>\n\n\n\n<ol class=\"wp-block-list\" start=\"5\"><li><strong>Servicios ofrecidos<\/strong><\/li><\/ol>\n\n\n\n<p>La p\u00e1gina web www.barondeoro.com facilita informaci\u00f3n a sus usuarios sobre las caracter\u00edsticas de los productos comercializados por BAR\u00d3N DE ORO. As\u00ed mismo, la P\u00e1gina web proporciona otros servicios como la venta on-line de productos..<\/p>\n\n\n\n<p>Los destinatarios de los servicios de la P\u00e1gina web son los usuarios interesados en productos comercializados por BAR\u00d3N DE ORO.<\/p>\n\n\n\n<ol class=\"wp-block-list\" start=\"6\"><li><strong>Propiedad Industrial e Intelectual<\/strong><\/li><\/ol>\n\n\n\n<p>BAR\u00d3N DE ORO por s\u00ed o como cesionaria, es titular de todos los derechos de propiedad intelectual e industrial de su p\u00e1gina web, as\u00ed como de los elementos contenidos en la misma (a t\u00edtulo enunciativo, im\u00e1genes, sonido, audio, v\u00eddeo, software o textos; marcas o logotipos, combinaciones de colores, estructura y dise\u00f1o, selecci\u00f3n de materiales usados, programas de ordenador necesarios para su funcionamiento, acceso y uso, etc.), titularidad de BAR\u00d3N DE ORO o bien de sus licenciantes.<\/p>\n\n\n\n<p>En virtud de lo dispuesto en los art\u00edculos 8 y 32.1, p\u00e1rrafo segundo, de la Ley de Propiedad Intelectual, quedan expresamente prohibidas la reproducci\u00f3n, la distribuci\u00f3n y la comunicaci\u00f3n p\u00fablica, incluida su modalidad de puesta a disposici\u00f3n, de la totalidad o parte de los contenidos de esta p\u00e1gina web, con fines comerciales, en cualquier soporte y por cualquier medio t\u00e9cnico, sin la autorizaci\u00f3n de BAR\u00d3N DE ORO. Todos los derechos reservados.<\/p>\n\n\n\n<p>El USUARIO se compromete a respetar los derechos de Propiedad Intelectual e Industrial titularidad de BAR\u00d3N DE ORO. Podr\u00e1 visualizar los elementos del portal e incluso imprimirlos, copiarlos y almacenarlos en el disco duro de su ordenador o en cualquier otro soporte f\u00edsico siempre y cuando sea, \u00fanica y exclusivamente, para su uso personal y privado. El USUARIO deber\u00e1 abstenerse de suprimir, alterar, eludir o manipular cualquier dispositivo de protecci\u00f3n o sistema de seguridad que estuviera instalado en las p\u00e1ginas de BAR\u00d3N DE ORO<\/p>\n\n\n\n<ol class=\"wp-block-list\" start=\"7\"><li><strong>C\u00f3mo realizar un pedido<\/strong><\/li><\/ol>\n\n\n\n<p>Para realizar un pedido deber\u00e1 seguir el procedimiento de compra online y hacer clic en \u201cAnadir al carrito\u201d. Una vez a\u00f1ada el art\u00edculo al carrito habr\u00e1 que pulsar la opci\u00f3n comprar y la siguiente acci\u00f3n ser\u00e1 darse de alta como usuario. A continuaci\u00f3n, recibir\u00e1 un correo electr\u00f3nico acusando recibo de su pedido (la \u00abConfirmaci\u00f3n de Pedido\u00bb). Una vez el producto salga de nuestras instalaciones ser\u00e1 informado mediante correo electr\u00f3nico de que el mismo est\u00e1 siendo enviado (la \u00abConfirmaci\u00f3n de Env\u00edo\u00bb). Finalmente, cuando el pedido le haya sido entregado, recibir\u00e1 un correo en el que conste \u201cpedido entregado\u201d.<\/p>\n\n\n\n<ol class=\"wp-block-list\" start=\"8\"><li><strong>Precios<\/strong><\/li><\/ol>\n\n\n\n<p>Los precios publicados sobre cada producto son los indicados en el sitio web en la fecha del pedido y son v\u00e1lidos salvo error tipogr\u00e1fico o fin de la promoci\u00f3n. Los precios publicados se expresan en Euros e incluyen el IVA y son v\u00e1lidos para pedidos efectuados dentro de Espa\u00f1a.<\/p>\n\n\n\n<p>BAR\u00d3N DE ORO se reserva el derecho a modificar, sin previo aviso al cliente, productos, promociones, condiciones comerciales y precios en cualquier momento.<\/p>\n\n\n\n<p>En cualquier caso, las ofertas estar\u00e1n debidamente marcadas e identificadas como tal, indicando convenientemente el precio anterior y el precio de la oferta<\/p>\n\n\n\n<p>En BAR\u00d3N DE ORO no hay compra m\u00ednima obligatoria.<\/p>\n\n\n\n<p>9. <strong>Plazos y forma de entrega<\/strong><\/p>\n\n\n\n<p>Se le comunicar\u00e1 v\u00eda e-mail el plazo estimado de entrega. Nos comprometemos a enviar los productos en el menor tiempo posible. En cualquier caso, el pedido se entregar\u00e1 en un plazo m\u00e1ximo de 72 horas, salvo que existan causas de fuerza mayor.<\/p>\n\n\n\n<p>10. <strong>Garant\u00eda<\/strong><\/p>\n\n\n\n<p>Los clientes se beneficiar\u00e1n de la garant\u00eda dada por los distintos fabricantes de cada uno de los art\u00edculos. En el caso de que el art\u00edculo no lleve este documento, bastar\u00e1 con conservar la factura de compra, conforme a la Ley 3\/2014, de 27 de marzo, por la que se modifica el texto refundido de la Ley General para la Defensa de los Consumidores y Usuarios y otras leyes complementarias, aprobado por el Real Decreto Legislativo 1\/2007, de 16 de noviembre.<\/p>\n\n\n\n<p>Los desperfectos debidos a una incorrecta utilizaci\u00f3n o manipulaci\u00f3n del producto, o los desgastes producidos por un uso normal del mismo, no se incluyen en esta garant\u00eda.<\/p>\n\n\n\n<p>11. <strong>Devoluciones y Cambios de producto<\/strong><\/p>\n\n\n\n<p>Con nuestro servicio postventa intentamos ofrecer una atenci\u00f3n r\u00e1pida y eficaz a nuestros clientes con el objeto de solucionar cualquier problema con nuestros art\u00edculos o env\u00edos.<\/p>\n\n\n\n<p>Si observa cualquier desperfecto en el momento de la entrega p\u00f3ngase inmediatamente en contacto con nosotros v\u00eda mail a evoobarondeoro@gmail.com Pasados dos (2) d\u00edas laborables tras la recepci\u00f3n del producto no se aceptar\u00e1n reclamaciones relacionadas con el transporte.<\/p>\n\n\n\n<p>BAR\u00d3N DE ORO asume los gastos de transporte ocasionados por la devoluci\u00f3n por defectos de fabricaci\u00f3n del producto.<\/p>\n\n\n\n<p>Si quiere realizar una devoluci\u00f3n comun\u00edquelo por mail y compruebe que tiene los embalajes originales, en el caso de Software o libros, deber\u00e1n estar debidamente precintados y embalados. Los gastos de transporte correr\u00e1n a cargo del cliente salvo excepciones debidamente autorizadas por www.barondeoro.com.<\/p>\n\n\n\n<p>No se admitir\u00e1 devoluci\u00f3n del producto fabricado a medida de las especificaciones del cliente<\/p>\n\n\n\n<p>12. <strong>Derecho de desistimiento<\/strong><\/p>\n\n\n\n<p>El Usuario tiene reconocido el derecho de desistimiento de la compra efectuada a trav\u00e9s del Sitio web www.barondeoro.com, pudiendo devolver el producto, en el caso de no quedar satisfecho, en un plazo m\u00e1ximo de catorce (14) d\u00edas naturales desde que haya recibido el producto.<\/p>\n\n\n\n<p>Para realizar dicha devoluci\u00f3n, el producto debe estar en perfectas condiciones y en su embalaje original. Una vez recibida la mercanc\u00eda en nuestros almacenes, y previa comprobaci\u00f3n del estado de la misma, se proceder\u00e1 al reintegro de su importe conforme a la modalidad de pago realizada por el cliente.<\/p>\n\n\n\n<p>De conformidad con el art\u00edculo 103.d) del Real Decreto Legislativo 1\/2007, de 16 de noviembre, por el que se aprueba el texto refundido de la Ley General para la Defensa de los Consumidores y Usuarios y otras leyes complementarias, o siendo aplicable el suministro de bienes que puedan deteriorase o caducar con rapidez, por lo que no se podr\u00e1 ejercer el derecho de desistimiento sobre las botellas que hayan sido abiertas, por ejemplo, debido al r\u00e1pido deterioro del contenido en tales casos.<\/p>\n\n\n\n<p>La devoluci\u00f3n del importe se realizar\u00e1 en un plazo de 14 d\u00edas naturales desde la fecha en que haya sido comunicada efectiva e inequ\u00edvocamente la decisi\u00f3n de desistimiento del contrato y siempre que se hayan recibido previamente los bienes o productos objeto de desistimiento.<\/p>\n\n\n\n<p>El derecho de desistimiento se realizar\u00e1, remitiendo a BAR\u00d3N DE ORO a trav\u00e9s del correo electr\u00f3nico  evoobarondeoro@gmail.com  la voluntad de ejercitar dicho derecho. Recibida la comunicaci\u00f3n, BAR\u00d3N DE ORO informar\u00e1 al cliente de los pasos y medidas que debe considerar para llevar a cabo el derecho de desistimiento.<\/p>\n\n\n\n<p>13. <strong>Derecho de exclusi\u00f3n<\/strong><\/p>\n\n\n\n<p>BAR\u00d3N DE ORO se reserva el derecho a denegar o retirar el acceso a portal y\/o los servicios ofrecidos sin necesidad de preaviso, a instancia propia o de un tercero, a aquellos usuarios que incumplan las Condiciones de Uso del portal.<\/p>\n\n\n\n<p>BAR\u00d3N DE ORO perseguir\u00e1 el incumplimiento de las Condiciones de Uso del portal, as\u00ed como cualquier utilizaci\u00f3n indebida de su portal ejerciendo todas las acciones civiles y penales que le puedan corresponder en derecho<\/p>\n\n\n\n<p>14. <strong>Modificaciones y enlaces<\/strong><\/p>\n\n\n\n<p>BAR\u00d3N DE ORO se reserva el derecho de efectuar sin previo aviso las modificaciones que considere oportunas en su sitio web, pudiendo cambiar, suprimir o a\u00f1adir tanto los contenidos y servicios que presta como la forma en la que \u00e9stos aparezcan presentados o localizados, as\u00ed como en las Condiciones Generales de Contrataci\u00f3n aqu\u00ed determinadas.<\/p>\n\n\n\n<p>BAR\u00d3N DE ORO no se responsabiliza del mal uso que se realice de los contenidos de su p\u00e1gina web, siendo exclusiva responsabilidad de la persona que accede a ellos o los utiliza.<\/p>\n\n\n\n<p>En el caso de que en www.barondeoro.com se dispusiesen enlaces o hiperv\u00ednculos hac\u00eda otros sitios de Internet, BAR\u00d3N DE ORO creadora del sitio web no ejercer\u00e1 ning\u00fan tipo de control sobre dichos sitios y contenidos. En ning\u00fan caso BAR\u00d3N DE ORO creadora del sitio web asumir\u00e1 responsabilidad alguna por los contenidos de alg\u00fan enlace perteneciente a un sitio web ajeno, ni garantizar\u00e1 la disponibilidad t\u00e9cnica, calidad, fiabilidad, exactitud, amplitud, veracidad, validez y constitucionalidad de cualquier material o informaci\u00f3n contenida en ninguno de dichos hiperv\u00ednculos u otros sitios de Internet. Igualmente, la inclusi\u00f3n de estas conexiones externas no implicar\u00e1 ning\u00fan tipo de asociaci\u00f3n, fusi\u00f3n o participaci\u00f3n con las entidades conectadas<\/p>\n\n\n\n<p>15. <strong>Ley aplicable y jurisdicci\u00f3n competente<\/strong><\/p>\n\n\n\n<p>Las condiciones de uso de la P\u00e1gina Web contenidas en este Aviso Legal, as\u00ed como las relaciones entre el usuario y BAR\u00d3N DE ORO, se regir\u00e1n e interpretar\u00e1n de acuerdo con las leyes espa\u00f1olas. Para la soluci\u00f3n de cualquier conflicto que pudiera suscitarse, el usuario y BAR\u00d3N DE ORO se someten expresamente a la competencia y jurisdicci\u00f3n de los juzgados y tribunales de la ciudad de VALENCIA, renunciando expresamente a cualquier otro fuero que pudiese corresponderles.<\/p>\n\n\n\n<p><\/p>\n","protected":false},"excerpt":{"rendered":"<p>ARMANDO &#8230;.. &#8230;&#8230;. (BAR\u00d3N DE ORO, en adelante), en cumplimiento del art\u00edculo 97 de la Ley 3\/2014, de 27 de marzo, por la que se modifica el texto refundido de la Ley General para la Defensa de los Consumidores y Usuarios y otras leyes complementarias, aprobado por el Real Decreto [&hellip;]<\/p>\n","protected":false},"author":1,"featured_media":0,"parent":0,"menu_order":0,"comment_status":"closed","ping_status":"closed","template":"","meta":{"footnotes":""},"class_list":["post-145","page","type-page","status-publish","hentry"],"yoast_head":"<!-- This site is optimized with the Yoast SEO plugin v27.3 - https:\/\/yoast.com\/product\/yoast-seo-wordpress\/ -->\n<title>Pol\u00edtica de compra y devoluci\u00f3n - Bar\u00f3n de Oro<\/title>\n<meta name=\"robots\" content=\"index, follow, max-snippet:-1, max-image-preview:large, max-video-preview:-1\" \/>\n<link rel=\"canonical\" href=\"https:\/\/www.barondeoro.com\/es\/politica-de-compra-y-devolucion\/\" \/>\n<meta property=\"og:locale\" content=\"es_ES\" \/>\n<meta property=\"og:type\" content=\"article\" \/>\n<meta property=\"og:title\" content=\"Pol\u00edtica de compra y devoluci\u00f3n - Bar\u00f3n de Oro\" \/>\n<meta property=\"og:description\" content=\"ARMANDO &#8230;.. &#8230;&#8230;. (BAR\u00d3N DE ORO, en adelante), en cumplimiento del art\u00edculo 97 de la Ley 3\/2014, de 27 de marzo, por la que se modifica el texto refundido de la Ley General para la Defensa de los Consumidores y Usuarios y otras leyes complementarias, aprobado por el Real Decreto [&hellip;]\" \/>\n<meta property=\"og:url\" content=\"https:\/\/www.barondeoro.com\/es\/politica-de-compra-y-devolucion\/\" \/>\n<meta property=\"og:site_name\" content=\"Bar\u00f3n de Oro\" \/>\n<meta property=\"article:modified_time\" content=\"2021-11-27T20:39:33+00:00\" \/>\n<meta name=\"twitter:card\" content=\"summary_large_image\" \/>\n<meta name=\"twitter:site\" content=\"@barondeoro\" \/>\n<meta name=\"twitter:label1\" content=\"Tiempo de lectura\" \/>\n\t<meta name=\"twitter:data1\" content=\"10 minutos\" \/>\n<script type=\"application\/ld+json\" class=\"yoast-schema-graph\">{\"@context\":\"https:\\\/\\\/schema.org\",\"@graph\":[{\"@type\":\"WebPage\",\"@id\":\"https:\\\/\\\/www.barondeoro.com\\\/politica-de-compra-y-devolucion\\\/\",\"url\":\"https:\\\/\\\/www.barondeoro.com\\\/politica-de-compra-y-devolucion\\\/\",\"name\":\"Pol\u00edtica de compra y devoluci\u00f3n - Bar\u00f3n de Oro\",\"isPartOf\":{\"@id\":\"https:\\\/\\\/www.barondeoro.com\\\/es\\\/#website\"},\"datePublished\":\"2021-11-27T20:39:31+00:00\",\"dateModified\":\"2021-11-27T20:39:33+00:00\",\"breadcrumb\":{\"@id\":\"https:\\\/\\\/www.barondeoro.com\\\/politica-de-compra-y-devolucion\\\/#breadcrumb\"},\"inLanguage\":\"es\",\"potentialAction\":[{\"@type\":\"ReadAction\",\"target\":[\"https:\\\/\\\/www.barondeoro.com\\\/politica-de-compra-y-devolucion\\\/\"]}]},{\"@type\":\"BreadcrumbList\",\"@id\":\"https:\\\/\\\/www.barondeoro.com\\\/politica-de-compra-y-devolucion\\\/#breadcrumb\",\"itemListElement\":[{\"@type\":\"ListItem\",\"position\":1,\"name\":\"Portada\",\"item\":\"https:\\\/\\\/www.barondeoro.com\\\/\"},{\"@type\":\"ListItem\",\"position\":2,\"name\":\"Pol\u00edtica de compra y devoluci\u00f3n\"}]},{\"@type\":\"WebSite\",\"@id\":\"https:\\\/\\\/www.barondeoro.com\\\/es\\\/#website\",\"url\":\"https:\\\/\\\/www.barondeoro.com\\\/es\\\/\",\"name\":\"Bar\u00f3n de Oro\",\"description\":\"El aceite que a ti te gusta.\",\"publisher\":{\"@id\":\"https:\\\/\\\/www.barondeoro.com\\\/es\\\/#organization\"},\"potentialAction\":[{\"@type\":\"SearchAction\",\"target\":{\"@type\":\"EntryPoint\",\"urlTemplate\":\"https:\\\/\\\/www.barondeoro.com\\\/es\\\/?s={search_term_string}\"},\"query-input\":{\"@type\":\"PropertyValueSpecification\",\"valueRequired\":true,\"valueName\":\"search_term_string\"}}],\"inLanguage\":\"es\"},{\"@type\":\"Organization\",\"@id\":\"https:\\\/\\\/www.barondeoro.com\\\/es\\\/#organization\",\"name\":\"Bar\u00f3n de oro\",\"url\":\"https:\\\/\\\/www.barondeoro.com\\\/es\\\/\",\"logo\":{\"@type\":\"ImageObject\",\"inLanguage\":\"es\",\"@id\":\"https:\\\/\\\/www.barondeoro.com\\\/es\\\/#\\\/schema\\\/logo\\\/image\\\/\",\"url\":\"https:\\\/\\\/www.barondeoro.com\\\/wp-content\\\/uploads\\\/2021\\\/11\\\/logo-blanco.png\",\"contentUrl\":\"https:\\\/\\\/www.barondeoro.com\\\/wp-content\\\/uploads\\\/2021\\\/11\\\/logo-blanco.png\",\"width\":427,\"height\":285,\"caption\":\"Bar\u00f3n de oro\"},\"image\":{\"@id\":\"https:\\\/\\\/www.barondeoro.com\\\/es\\\/#\\\/schema\\\/logo\\\/image\\\/\"},\"sameAs\":[\"https:\\\/\\\/x.com\\\/barondeoro\"]}]}<\/script>\n<!-- \/ Yoast SEO plugin. -->","yoast_head_json":{"title":"Pol\u00edtica de compra y devoluci\u00f3n - Bar\u00f3n de Oro","robots":{"index":"index","follow":"follow","max-snippet":"max-snippet:-1","max-image-preview":"max-image-preview:large","max-video-preview":"max-video-preview:-1"},"canonical":"https:\/\/www.barondeoro.com\/es\/politica-de-compra-y-devolucion\/","og_locale":"es_ES","og_type":"article","og_title":"Pol\u00edtica de compra y devoluci\u00f3n - Bar\u00f3n de Oro","og_description":"ARMANDO &#8230;.. &#8230;&#8230;. (BAR\u00d3N DE ORO, en adelante), en cumplimiento del art\u00edculo 97 de la Ley 3\/2014, de 27 de marzo, por la que se modifica el texto refundido de la Ley General para la Defensa de los Consumidores y Usuarios y otras leyes complementarias, aprobado por el Real Decreto [&hellip;]","og_url":"https:\/\/www.barondeoro.com\/es\/politica-de-compra-y-devolucion\/","og_site_name":"Bar\u00f3n de Oro","article_modified_time":"2021-11-27T20:39:33+00:00","twitter_card":"summary_large_image","twitter_site":"@barondeoro","twitter_misc":{"Tiempo de lectura":"10 minutos"},"schema":{"@context":"https:\/\/schema.org","@graph":[{"@type":"WebPage","@id":"https:\/\/www.barondeoro.com\/politica-de-compra-y-devolucion\/","url":"https:\/\/www.barondeoro.com\/politica-de-compra-y-devolucion\/","name":"Pol\u00edtica de compra y devoluci\u00f3n - Bar\u00f3n de Oro","isPartOf":{"@id":"https:\/\/www.barondeoro.com\/es\/#website"},"datePublished":"2021-11-27T20:39:31+00:00","dateModified":"2021-11-27T20:39:33+00:00","breadcrumb":{"@id":"https:\/\/www.barondeoro.com\/politica-de-compra-y-devolucion\/#breadcrumb"},"inLanguage":"es","potentialAction":[{"@type":"ReadAction","target":["https:\/\/www.barondeoro.com\/politica-de-compra-y-devolucion\/"]}]},{"@type":"BreadcrumbList","@id":"https:\/\/www.barondeoro.com\/politica-de-compra-y-devolucion\/#breadcrumb","itemListElement":[{"@type":"ListItem","position":1,"name":"Portada","item":"https:\/\/www.barondeoro.com\/"},{"@type":"ListItem","position":2,"name":"Pol\u00edtica de compra y devoluci\u00f3n"}]},{"@type":"WebSite","@id":"https:\/\/www.barondeoro.com\/es\/#website","url":"https:\/\/www.barondeoro.com\/es\/","name":"Bar\u00f3n de Oro","description":"El aceite que a ti te gusta.","publisher":{"@id":"https:\/\/www.barondeoro.com\/es\/#organization"},"potentialAction":[{"@type":"SearchAction","target":{"@type":"EntryPoint","urlTemplate":"https:\/\/www.barondeoro.com\/es\/?s={search_term_string}"},"query-input":{"@type":"PropertyValueSpecification","valueRequired":true,"valueName":"search_term_string"}}],"inLanguage":"es"},{"@type":"Organization","@id":"https:\/\/www.barondeoro.com\/es\/#organization","name":"Bar\u00f3n de oro","url":"https:\/\/www.barondeoro.com\/es\/","logo":{"@type":"ImageObject","inLanguage":"es","@id":"https:\/\/www.barondeoro.com\/es\/#\/schema\/logo\/image\/","url":"https:\/\/www.barondeoro.com\/wp-content\/uploads\/2021\/11\/logo-blanco.png","contentUrl":"https:\/\/www.barondeoro.com\/wp-content\/uploads\/2021\/11\/logo-blanco.png","width":427,"height":285,"caption":"Bar\u00f3n de oro"},"image":{"@id":"https:\/\/www.barondeoro.com\/es\/#\/schema\/logo\/image\/"},"sameAs":["https:\/\/x.com\/barondeoro"]}]}},"_links":{"self":[{"href":"https:\/\/www.barondeoro.com\/es\/wp-json\/wp\/v2\/pages\/145","targetHints":{"allow":["GET"]}}],"collection":[{"href":"https:\/\/www.barondeoro.com\/es\/wp-json\/wp\/v2\/pages"}],"about":[{"href":"https:\/\/www.barondeoro.com\/es\/wp-json\/wp\/v2\/types\/page"}],"author":[{"embeddable":true,"href":"https:\/\/www.barondeoro.com\/es\/wp-json\/wp\/v2\/users\/1"}],"replies":[{"embeddable":true,"href":"https:\/\/www.barondeoro.com\/es\/wp-json\/wp\/v2\/comments?post=145"}],"version-history":[{"count":1,"href":"https:\/\/www.barondeoro.com\/es\/wp-json\/wp\/v2\/pages\/145\/revisions"}],"predecessor-version":[{"id":147,"href":"https:\/\/www.barondeoro.com\/es\/wp-json\/wp\/v2\/pages\/145\/revisions\/147"}],"wp:attachment":[{"href":"https:\/\/www.barondeoro.com\/es\/wp-json\/wp\/v2\/media?parent=145"}],"curies":[{"name":"wp","href":"https:\/\/api.w.org\/{rel}","templated":true}]}}